{"id":49,"date":"2022-04-28T09:50:21","date_gmt":"2022-04-28T09:50:21","guid":{"rendered":"https:\/\/5iba.minoffice.be\/202207\/?page_id=49"},"modified":"2022-05-08T22:50:51","modified_gmt":"2022-05-08T22:50:51","slug":"over","status":"publish","type":"page","link":"https:\/\/5iba.minoffice.be\/202207\/index.php\/over\/","title":{"rendered":"Over"},"content":{"rendered":"\t\t<div data-elementor-type=\"wp-page\" data-elementor-id=\"49\" class=\"elementor elementor-49\">\n\t\t\t\t\t\t<section class=\"elementor-section elementor-top-section elementor-element elementor-element-6c8fe07d elementor-section-boxed elementor-section-height-default elementor-section-height-default\" data-id=\"6c8fe07d\" data-element_type=\"section\" data-e-type=\"section\">\n\t\t\t\t\t\t<div class=\"elementor-container elementor-column-gap-default\">\n\t\t\t\t\t<div class=\"elementor-column elementor-col-100 elementor-top-column elementor-element elementor-element-114525b6\" data-id=\"114525b6\" data-element_type=\"column\" data-e-type=\"column\">\n\t\t\t<div class=\"elementor-widget-wrap elementor-element-populated\">\n\t\t\t\t\t\t<div class=\"elementor-element elementor-element-323e74aa elementor-widget elementor-widget-text-editor\" data-id=\"323e74aa\" data-element_type=\"widget\" data-e-type=\"widget\" data-widget_type=\"text-editor.default\">\n\t\t\t\t<div class=\"elementor-widget-container\">\n\t\t\t\t\t\t\t\t\t<p><\/p>\n<h2 id=\"inspiro-is-a-digital-product-agency-that-focuses-on-strategy-and-design\" class=\"has-large-font-size wp-block-heading\" style=\"font-style: normal; font-weight: 100; text-align: center;\">Ontdek Leuven<\/h2>\n<p><\/p>\n<p><\/p>\n<p><\/p>\n<p><\/p>\n<div class=\"wp-block-columns alignwide is-layout-flex wp-container-core-columns-is-layout-9d6595d7 wp-block-columns-is-layout-flex\">\n<div class=\"wp-block-column\">\n<figure class=\"wp-block-image size-large\"><img decoding=\"async\" src=\"https:\/\/5iba.minoffice.be\/202207\/wp-content\/themes\/inspiro\/assets\/images\/video-1.jpeg\" alt=\"\" \/><\/figure>\n<h4><img fetchpriority=\"high\" decoding=\"async\" class=\"\" src=\"https:\/\/images0.persgroep.net\/rcs\/Pjy9AkppOX0hu6bOs5XvFVld5xE\/diocontent\/35353437\/_fitwidth\/694\/?appId=21791a8992982cd8da851550a453bd7f&amp;quality=0.8\" alt=\"Drie maanden cel voor diefstal van drie pakjes M&amp;M's | Leuven | hln.be\" width=\"336\" height=\"224\" \/><\/h4>\n<h4><span dir=\"ltr\">Kinepolis Leuven<\/span><\/h4>\n<p>Beste bezoeker,<\/p>\n<p>Wat zou jij ervan denken om de komende maanden meermaals gratis en voor niets in onze heerlijke zetels te ploffen? Spreekt dit idee jou wel aan?<\/p>\n<\/div>\n<div class=\"wp-block-column\">\n<p>\u00a0<\/p>\n<p class=\"has-black-color has-text-color has-medium-font-size\"><img decoding=\"async\" src=\"https:\/\/www.visitleuven.be\/sites\/visitleuven.be\/files\/styles\/is_medium\/public\/media\/2019-08\/430x310_mleuven_herfst_fiets.png?itok=AiYt_PYR\" alt=\"Bezoek museum M Leuven\" \/><\/p>\n<h5 class=\"qrShPb kno-ecr-pt PZPZlf q8U8x PPT5v\" data-dtype=\"d3ifr\" data-local-attribute=\"d3bn\" data-attrid=\"title\" data-ved=\"2ahUKEwi9tc-X9dD3AhVLgv0HHfUiDjcQ3B0oAXoECA8QAg\">M Leuven<\/h5>\n<p class=\"has-text-color\" style=\"color: #7a7a7a;\">M heeft een indrukwekkend traject afgelegd rond behoud en beheer van kunstobjecten, en bekleedt in het Vlaamse museumlandschap een voorbeeldfunctie.\u00a0<\/p>\n<\/div>\n<div class=\"wp-block-column\">\n<h5>\u00a0<\/h5>\n<h5><img decoding=\"async\" src=\"https:\/\/www.visitleuven.be\/sites\/visitleuven.be\/files\/styles\/is_medium\/public\/images\/2021-10\/430x310_grotemarkt_sintpieterskerk.png?itok=QryprH4R\" \/><\/h5>\n<h5>Stadhuis | Grote Markt<\/h5>\n<p class=\"has-text-color\" style=\"color: #7a7a7a;\">Het\u00a0<strong>eeuwenoude\u00a0<\/strong>stadhuis is d\u00e9 trots van Leuven. Het is bovendien \u00e9\u00e9n van de bekendste gotische stadhuizen ter wereld. De eerste steen werd gelegd in 1439.<\/p>\n<\/div>\n<\/div>\n<h5>\u00a0<\/h5>\n<p style=\"text-align: left;\">\u00a0<\/p>\n<p><\/p>\t\t\t\t\t\t\t\t<\/div>\n\t\t\t\t<\/div>\n\t\t\t\t<div class=\"elementor-element elementor-element-6e798a3 elementor-widget elementor-widget-video\" data-id=\"6e798a3\" data-element_type=\"widget\" data-e-type=\"widget\" data-settings=\"{&quot;youtube_url&quot;:&quot;https:\\\/\\\/www.youtube.com\\\/watch?v=2zqy6RclVfA&quot;,&quot;video_type&quot;:&quot;youtube&quot;,&quot;controls&quot;:&quot;yes&quot;}\" data-widget_type=\"video.default\">\n\t\t\t\t<div class=\"elementor-widget-container\">\n\t\t\t\t\t\t\t<div class=\"elementor-wrapper elementor-open-inline\">\n\t\t\t<div class=\"elementor-video\"><\/div>\t\t<\/div>\n\t\t\t\t\t\t<\/div>\n\t\t\t\t<\/div>\n\t\t\t\t\t<\/div>\n\t\t<\/div>\n\t\t\t\t\t<\/div>\n\t\t<\/section>\n\t\t\t\t<section class=\"elementor-section elementor-top-section elementor-element elementor-element-68e324c elementor-section-boxed elementor-section-height-default elementor-section-height-default\" data-id=\"68e324c\" data-element_type=\"section\" data-e-type=\"section\">\n\t\t\t\t\t\t<div class=\"elementor-container elementor-column-gap-default\">\n\t\t\t\t\t<div class=\"elementor-column elementor-col-100 elementor-top-column elementor-element elementor-element-57e7d49\" data-id=\"57e7d49\" data-element_type=\"column\" data-e-type=\"column\">\n\t\t\t<div class=\"elementor-widget-wrap elementor-element-populated\">\n\t\t\t\t\t\t<div class=\"elementor-element elementor-element-2da8f42 elementor-widget elementor-widget-google_maps\" data-id=\"2da8f42\" data-element_type=\"widget\" data-e-type=\"widget\" data-widget_type=\"google_maps.default\">\n\t\t\t\t<div class=\"elementor-widget-container\">\n\t\t\t\t\t\t\t<div class=\"elementor-custom-embed\">\n\t\t\t<iframe loading=\"lazy\"\n\t\t\t\t\tsrc=\"https:\/\/maps.google.com\/maps?q=leuven&#038;t=m&#038;z=12&#038;output=embed&#038;iwloc=near\"\n\t\t\t\t\ttitle=\"leuven\"\n\t\t\t\t\taria-label=\"leuven\"\n\t\t\t><\/iframe>\n\t\t<\/div>\n\t\t\t\t\t\t<\/div>\n\t\t\t\t<\/div>\n\t\t\t\t\t<\/div>\n\t\t<\/div>\n\t\t\t\t\t<\/div>\n\t\t<\/section>\n\t\t\t\t<section class=\"elementor-section elementor-top-section elementor-element elementor-element-4e89706 elementor-section-boxed elementor-section-height-default elementor-section-height-default\" data-id=\"4e89706\" data-element_type=\"section\" data-e-type=\"section\">\n\t\t\t\t\t\t<div class=\"elementor-container elementor-column-gap-default\">\n\t\t\t\t\t<div class=\"elementor-column elementor-col-100 elementor-top-column elementor-element elementor-element-7a239e3\" data-id=\"7a239e3\" data-element_type=\"column\" data-e-type=\"column\">\n\t\t\t<div class=\"elementor-widget-wrap\">\n\t\t\t\t\t\t\t<\/div>\n\t\t<\/div>\n\t\t\t\t\t<\/div>\n\t\t<\/section>\n\t\t\t\t<\/div>\n\t\t","protected":false},"excerpt":{"rendered":"<p>Ontdek Leuven Kinepolis Leuven Beste bezoeker, Wat zou jij ervan [&hellip;]<\/p>\n","protected":false},"author":1,"featured_media":47,"parent":0,"menu_order":0,"comment_status":"closed","ping_status":"closed","template":"","meta":{"footnotes":""},"class_list":["post-49","page","type-page","status-publish","has-post-thumbnail","hentry"],"_links":{"self":[{"href":"https:\/\/5iba.minoffice.be\/202207\/index.php\/wp-json\/wp\/v2\/pages\/49","targetHints":{"allow":["GET"]}}],"collection":[{"href":"https:\/\/5iba.minoffice.be\/202207\/index.php\/wp-json\/wp\/v2\/pages"}],"about":[{"href":"https:\/\/5iba.minoffice.be\/202207\/index.php\/wp-json\/wp\/v2\/types\/page"}],"author":[{"embeddable":true,"href":"https:\/\/5iba.minoffice.be\/202207\/index.php\/wp-json\/wp\/v2\/users\/1"}],"replies":[{"embeddable":true,"href":"https:\/\/5iba.minoffice.be\/202207\/index.php\/wp-json\/wp\/v2\/comments?post=49"}],"version-history":[{"count":11,"href":"https:\/\/5iba.minoffice.be\/202207\/index.php\/wp-json\/wp\/v2\/pages\/49\/revisions"}],"predecessor-version":[{"id":173,"href":"https:\/\/5iba.minoffice.be\/202207\/index.php\/wp-json\/wp\/v2\/pages\/49\/revisions\/173"}],"wp:featuredmedia":[{"embeddable":true,"href":"https:\/\/5iba.minoffice.be\/202207\/index.php\/wp-json\/wp\/v2\/media\/47"}],"wp:attachment":[{"href":"https:\/\/5iba.minoffice.be\/202207\/index.php\/wp-json\/wp\/v2\/media?parent=49"}],"curies":[{"name":"wp","href":"https:\/\/api.w.org\/{rel}","templated":true}]}}